{"id":19,"date":"2020-10-28T09:48:22","date_gmt":"2020-10-28T09:48:22","guid":{"rendered":"https:\/\/thefox.withemes.com\/pine\/about\/"},"modified":"2022-05-19T12:00:51","modified_gmt":"2022-05-19T10:00:51","slug":"slow-o-nas-kilka","status":"publish","type":"page","link":"https:\/\/www.skarbieclynia.pl\/index.php\/slow-o-nas-kilka\/","title":{"rendered":"S\u0142\u00f3w o nas kilka"},"content":{"rendered":"\n<p><strong>Skarbiec Lynia to miejsce spotka\u0144 nauki z pasj\u0105, kreatywno\u015bci\u0105 i umi\u0142owaniem natury.<\/strong> Tutaj przyroda wytycza szlaki dla upodoba\u0144, wyobra\u017ani oraz mi\u0142o\u015bci do otaczaj\u0105cego \u015bwiata.<\/p>\n\n\n\n<p>W Skarbcu <strong>opisujemy ludzi i ich spos\u00f3b na \u017cycie<\/strong>, dbamy o ukazanie r\u00f3\u017cnorodno\u015bci. Dotykamy wielu dziedzin: sportu, kulinari\u00f3w czy podr\u00f3\u017cy. Dostarczamy wiedzy ze sfery beauty. <strong>Nie obawiamy si\u0119 temat\u00f3w trudnych<\/strong>, takich jak nauka \u2014 obalamy mity.<\/p>\n\n\n\n<p>Chcesz podzieli\u0107 si\u0119 z innymi swoim pomys\u0142em? <strong>Skontaktuj si\u0119 z nami, zapraszamy!<\/strong><\/p>\n\n\n\n<p>info@lynia.pl<\/p>\n\n\n","protected":false},"excerpt":{"rendered":"<p>Skarbiec Lynia to miejsce spotka\u0144 nauki z pasj\u0105, kreatywno\u015bci\u0105 i umi\u0142owaniem natury. Tutaj przyroda wytycza szlaki dla upodoba\u0144, wyobra\u017ani oraz mi\u0142o\u015bci do otaczaj\u0105cego \u015bwiata. W Skarbcu opisujemy ludzi i ich spos\u00f3b na \u017cycie, dbamy o ukazanie r\u00f3\u017cnorodno\u015bci. Dotykamy wielu dziedzin: sportu, kulinari\u00f3w czy podr\u00f3\u017cy. Dostarczamy wiedzy ze sfery beauty. Nie obawiamy si\u0119 temat\u00f3w trudnych, takich jak nauka \u2014 obalamy mity. Chcesz podzieli\u0107 si\u0119 z innymi swoim pomys\u0142em? Skontaktuj si\u0119 z nami, zapraszamy! info@lynia.pl<\/p>\n","protected":false},"author":2,"featured_media":0,"parent":0,"menu_order":0,"comment_status":"closed","ping_status":"closed","template":"","meta":[],"acf":[],"yoast_head":"<!-- This site is optimized with the Yoast SEO plugin v17.9 - https:\/\/yoast.com\/wordpress\/plugins\/seo\/ -->\n<title>Skarbiec<\/title>\n<meta name=\"description\" content=\"S\u0142\u00f3w o nas kilka - Skarbiec Lynia to miejsce spotka\u0144 nauki z pasj\u0105, kreatywno\u015bci\u0105 i umi\u0142owaniem natury. Tutaj przyroda wytycza szlaki\" \/>\n<meta name=\"robots\" content=\"index, follow, max-snippet:-1, max-image-preview:large, max-video-preview:-1\" \/>\n<link rel=\"canonical\" href=\"https:\/\/www.skarbieclynia.pl\/index.php\/slow-o-nas-kilka\/\" \/>\n<meta property=\"og:locale\" content=\"pl_PL\" \/>\n<meta property=\"og:type\" content=\"article\" \/>\n<meta property=\"og:title\" content=\"S\u0142\u00f3w o nas kilka - Skarbiec\" \/>\n<meta property=\"og:description\" content=\"S\u0142\u00f3w o nas kilka - Skarbiec Lynia to miejsce spotka\u0144 nauki z pasj\u0105, kreatywno\u015bci\u0105 i umi\u0142owaniem natury. Tutaj przyroda wytycza szlaki\" \/>\n<meta property=\"og:url\" content=\"https:\/\/www.skarbieclynia.pl\/index.php\/slow-o-nas-kilka\/\" \/>\n<meta property=\"og:site_name\" content=\"Skarbiec\" \/>\n<meta property=\"article:modified_time\" content=\"2022-05-19T10:00:51+00:00\" \/>\n<meta name=\"twitter:card\" content=\"summary_large_image\" \/>\n<meta name=\"twitter:label1\" content=\"Szacowany czas czytania\" \/>\n\t<meta name=\"twitter:data1\" content=\"1 minuta\" \/>\n<script type=\"application\/ld+json\" class=\"yoast-schema-graph\">{\"@context\":\"https:\/\/schema.org\",\"@graph\":[{\"@type\":\"WebSite\",\"@id\":\"https:\/\/www.skarbieclynia.pl\/#website\",\"url\":\"https:\/\/www.skarbieclynia.pl\/\",\"name\":\"Skarbiec\",\"description\":\"LYNIA\",\"potentialAction\":[{\"@type\":\"SearchAction\",\"target\":{\"@type\":\"EntryPoint\",\"urlTemplate\":\"https:\/\/www.skarbieclynia.pl\/?s={search_term_string}\"},\"query-input\":\"required name=search_term_string\"}],\"inLanguage\":\"pl-PL\"},{\"@type\":\"WebPage\",\"@id\":\"https:\/\/www.skarbieclynia.pl\/index.php\/slow-o-nas-kilka\/#webpage\",\"url\":\"https:\/\/www.skarbieclynia.pl\/index.php\/slow-o-nas-kilka\/\",\"name\":\"S\\u0142\\u00f3w o nas kilka - Skarbiec\",\"isPartOf\":{\"@id\":\"https:\/\/www.skarbieclynia.pl\/#website\"},\"datePublished\":\"2020-10-28T09:48:22+00:00\",\"dateModified\":\"2022-05-19T10:00:51+00:00\",\"description\":\"S\\u0142\\u00f3w o nas kilka - Skarbiec Lynia to miejsce spotka\\u0144 nauki z pasj\\u0105, kreatywno\\u015bci\\u0105 i umi\\u0142owaniem natury. Tutaj przyroda wytycza szlaki\",\"breadcrumb\":{\"@id\":\"https:\/\/www.skarbieclynia.pl\/index.php\/slow-o-nas-kilka\/#breadcrumb\"},\"inLanguage\":\"pl-PL\",\"potentialAction\":[{\"@type\":\"ReadAction\",\"target\":[\"https:\/\/www.skarbieclynia.pl\/index.php\/slow-o-nas-kilka\/\"]}]},{\"@type\":\"BreadcrumbList\",\"@id\":\"https:\/\/www.skarbieclynia.pl\/index.php\/slow-o-nas-kilka\/#breadcrumb\",\"itemListElement\":[{\"@type\":\"ListItem\",\"position\":1,\"name\":\"Strona g\\u0142\\u00f3wna\",\"item\":\"https:\/\/www.skarbieclynia.pl\/\"},{\"@type\":\"ListItem\",\"position\":2,\"name\":\"S\\u0142\\u00f3w o nas kilka\"}]}]}<\/script>\n<!-- \/ Yoast SEO plugin. -->","yoast_head_json":{"title":"Skarbiec","description":"S\u0142\u00f3w o nas kilka - Skarbiec Lynia to miejsce spotka\u0144 nauki z pasj\u0105, kreatywno\u015bci\u0105 i umi\u0142owaniem natury. Tutaj przyroda wytycza szlaki","robots":{"index":"index","follow":"follow","max-snippet":"max-snippet:-1","max-image-preview":"max-image-preview:large","max-video-preview":"max-video-preview:-1"},"canonical":"https:\/\/www.skarbieclynia.pl\/index.php\/slow-o-nas-kilka\/","og_locale":"pl_PL","og_type":"article","og_title":"S\u0142\u00f3w o nas kilka - Skarbiec","og_description":"S\u0142\u00f3w o nas kilka - Skarbiec Lynia to miejsce spotka\u0144 nauki z pasj\u0105, kreatywno\u015bci\u0105 i umi\u0142owaniem natury. Tutaj przyroda wytycza szlaki","og_url":"https:\/\/www.skarbieclynia.pl\/index.php\/slow-o-nas-kilka\/","og_site_name":"Skarbiec","article_modified_time":"2022-05-19T10:00:51+00:00","twitter_card":"summary_large_image","twitter_misc":{"Szacowany czas czytania":"1 minuta"},"schema":{"@context":"https:\/\/schema.org","@graph":[{"@type":"WebSite","@id":"https:\/\/www.skarbieclynia.pl\/#website","url":"https:\/\/www.skarbieclynia.pl\/","name":"Skarbiec","description":"LYNIA","potentialAction":[{"@type":"SearchAction","target":{"@type":"EntryPoint","urlTemplate":"https:\/\/www.skarbieclynia.pl\/?s={search_term_string}"},"query-input":"required name=search_term_string"}],"inLanguage":"pl-PL"},{"@type":"WebPage","@id":"https:\/\/www.skarbieclynia.pl\/index.php\/slow-o-nas-kilka\/#webpage","url":"https:\/\/www.skarbieclynia.pl\/index.php\/slow-o-nas-kilka\/","name":"S\u0142\u00f3w o nas kilka - Skarbiec","isPartOf":{"@id":"https:\/\/www.skarbieclynia.pl\/#website"},"datePublished":"2020-10-28T09:48:22+00:00","dateModified":"2022-05-19T10:00:51+00:00","description":"S\u0142\u00f3w o nas kilka - Skarbiec Lynia to miejsce spotka\u0144 nauki z pasj\u0105, kreatywno\u015bci\u0105 i umi\u0142owaniem natury. Tutaj przyroda wytycza szlaki","breadcrumb":{"@id":"https:\/\/www.skarbieclynia.pl\/index.php\/slow-o-nas-kilka\/#breadcrumb"},"inLanguage":"pl-PL","potentialAction":[{"@type":"ReadAction","target":["https:\/\/www.skarbieclynia.pl\/index.php\/slow-o-nas-kilka\/"]}]},{"@type":"BreadcrumbList","@id":"https:\/\/www.skarbieclynia.pl\/index.php\/slow-o-nas-kilka\/#breadcrumb","itemListElement":[{"@type":"ListItem","position":1,"name":"Strona g\u0142\u00f3wna","item":"https:\/\/www.skarbieclynia.pl\/"},{"@type":"ListItem","position":2,"name":"S\u0142\u00f3w o nas kilka"}]}]}},"_links":{"self":[{"href":"https:\/\/www.skarbieclynia.pl\/index.php\/wp-json\/wp\/v2\/pages\/19"}],"collection":[{"href":"https:\/\/www.skarbieclynia.pl\/index.php\/wp-json\/wp\/v2\/pages"}],"about":[{"href":"https:\/\/www.skarbieclynia.pl\/index.php\/wp-json\/wp\/v2\/types\/page"}],"author":[{"embeddable":true,"href":"https:\/\/www.skarbieclynia.pl\/index.php\/wp-json\/wp\/v2\/users\/2"}],"replies":[{"embeddable":true,"href":"https:\/\/www.skarbieclynia.pl\/index.php\/wp-json\/wp\/v2\/comments?post=19"}],"version-history":[{"count":4,"href":"https:\/\/www.skarbieclynia.pl\/index.php\/wp-json\/wp\/v2\/pages\/19\/revisions"}],"predecessor-version":[{"id":6016,"href":"https:\/\/www.skarbieclynia.pl\/index.php\/wp-json\/wp\/v2\/pages\/19\/revisions\/6016"}],"wp:attachment":[{"href":"https:\/\/www.skarbieclynia.pl\/index.php\/wp-json\/wp\/v2\/media?parent=19"}],"curies":[{"name":"wp","href":"https:\/\/api.w.org\/{rel}","templated":true}]}}